{"id":68,"date":"2024-09-26T15:35:15","date_gmt":"2024-09-26T13:35:15","guid":{"rendered":"https:\/\/www.jurizy.com\/?page_id=68"},"modified":"2024-10-11T10:01:55","modified_gmt":"2024-10-11T08:01:55","slug":"services-proposes","status":"publish","type":"page","link":"https:\/\/www.jurizy.com\/index.php\/services-proposes\/","title":{"rendered":"Services propos\u00e9s"},"content":{"rendered":"<h2 class=\"wp-block-heading has-accent-color has-text-color has-link-color wp-elements-d34ef7b0a1f0f47902f849bfdaee0f55\">1. Cr\u00e9ation d&rsquo;entreprise<\/h2><p>Je vous accompagne dans toutes les \u00e9tapes de cr\u00e9ation de votre entreprise, que vous choisissiez de cr\u00e9er une <strong>entreprise individuelle<\/strong>, une <strong>EURL<\/strong>, une <strong>SASU<\/strong>, une <strong>SELARL<\/strong>, une <strong>SARL<\/strong>, une <strong>SAS<\/strong>, une <strong>SC<\/strong>, ou une <strong>SCI<\/strong>. Chaque type de soci\u00e9t\u00e9 poss\u00e8de ses sp\u00e9cificit\u00e9s, et je m\u2019assure que toutes les d\u00e9marches soient effectu\u00e9es dans les meilleures conditions.<\/p><p><strong>Types de soci\u00e9t\u00e9s prises en charge<\/strong> :<\/p><ul class=\"wp-block-list\"><li><strong>Entreprise individuelle<\/strong><\/li>\n\n<li><strong>EURL<\/strong> (Entreprise Unipersonnelle \u00e0 Responsabilit\u00e9 Limit\u00e9e)<\/li>\n\n<li><strong>SASU<\/strong> (Soci\u00e9t\u00e9 par Actions Simplifi\u00e9e Unipersonnelle)<\/li>\n\n<li><strong>SELARL<\/strong> (Soci\u00e9t\u00e9 d\u2019Exercice Lib\u00e9ral \u00e0 Responsabilit\u00e9 Limit\u00e9e)<\/li>\n\n<li><strong>SARL<\/strong> (Soci\u00e9t\u00e9 \u00e0 Responsabilit\u00e9 Limit\u00e9e)<\/li>\n\n<li><strong>SAS<\/strong> (Soci\u00e9t\u00e9 par Actions Simplifi\u00e9e)<\/li>\n\n<li><strong>SC<\/strong> (Soci\u00e9t\u00e9 Civile)<\/li>\n\n<li><strong>SCI<\/strong> (Soci\u00e9t\u00e9 Civile Immobili\u00e8re)<\/li><\/ul><p><strong>Proc\u00e9dures<\/strong> :<\/p><ul class=\"wp-block-list\"><li>R\u00e9daction des <strong>statuts<\/strong> et de tous les documents n\u00e9cessaires.<\/li>\n\n<li>Publication d\u2019une <strong>annonce l\u00e9gale<\/strong> dans un journal habilit\u00e9.<\/li>\n\n<li>D\u00e9marches aupr\u00e8s du <strong>CFE<\/strong> (Centre de Formalit\u00e9s des Entreprises).<\/li>\n\n<li><strong>Immatriculation<\/strong> au <strong>RCS<\/strong> (Registre du Commerce et des Soci\u00e9t\u00e9s).<\/li><\/ul><div class=\"wp-block-buttons alignwide is-content-justification-center is-layout-flex wp-container-core-buttons-is-layout-16018d1d wp-block-buttons-is-layout-flex\"><div class=\"wp-block-button\"><a class=\"wp-block-button__link has-accent-background-color has-background wp-element-button\" href=\"https:\/\/www.jurizy.com\/index.php\/immatriculation-dentreprise\/\">En savoir plus<\/a><\/div><\/div><h2 class=\"wp-block-heading has-accent-color has-text-color has-link-color wp-elements-83317af9be0441151210d5979fec148f\">2. Modification de soci\u00e9t\u00e9<\/h2><p>Je vous assiste dans toutes les d\u00e9marches administratives li\u00e9es \u00e0 la modification des informations juridiques de votre soci\u00e9t\u00e9.<\/p><p><strong>Proc\u00e9dures<\/strong> :<\/p><ul class=\"wp-block-list\"><li><strong>Changement de si\u00e8ge social<\/strong>.<\/li>\n\n<li>Modification de l\u2019<strong>objet social<\/strong> de la soci\u00e9t\u00e9.<\/li>\n\n<li><strong>Augmentation<\/strong> ou <strong>r\u00e9duction de capital<\/strong>.<\/li>\n\n<li>Nomination ou <strong>r\u00e9vocation de dirigeants<\/strong>.<\/li><\/ul><div class=\"wp-block-buttons alignwide is-content-justification-center is-layout-flex wp-container-core-buttons-is-layout-16018d1d wp-block-buttons-is-layout-flex\"><div class=\"wp-block-button\"><a class=\"wp-block-button__link has-accent-background-color has-background wp-element-button\" href=\"https:\/\/www.jurizy.com\/index.php\/modification\/\">En savoir plus<\/a><\/div><\/div><h2 class=\"wp-block-heading has-accent-color has-text-color has-link-color wp-elements-1f4690796e05d8b7a55ac420a262b6be\">3. Radiation d&rsquo;entreprise<\/h2><p>Je m\u2019occupe de toutes les formalit\u00e9s li\u00e9es \u00e0 la cessation de votre activit\u00e9, de la dissolution \u00e0 la liquidation.<\/p><p><strong>Proc\u00e9dures<\/strong> :<\/p><ul class=\"wp-block-list\"><li><strong>Dissolution anticip\u00e9e<\/strong>.<\/li>\n\n<li>Cl\u00f4ture de <strong>liquidation<\/strong> de la soci\u00e9t\u00e9.<\/li>\n\n<li>Formalit\u00e9s aupr\u00e8s du <strong>greffe du tribunal de commerce<\/strong>.<\/li>\n\n<li>D\u00e9claration de <strong>cessation d\u2019activit\u00e9<\/strong>.<\/li><\/ul><div class=\"wp-block-buttons alignwide is-content-justification-center is-layout-flex wp-container-core-buttons-is-layout-16018d1d wp-block-buttons-is-layout-flex\"><div class=\"wp-block-button\"><a class=\"wp-block-button__link has-accent-background-color has-background wp-element-button\" href=\"https:\/\/www.jurizy.com\/index.php\/radiation\/\">En savoir plus<\/a><\/div><\/div><h2 class=\"wp-block-heading has-accent-color has-text-color has-link-color wp-elements-9efcdc31262dcf2628e269274256c261\">4. Approbation des comptes annuels<\/h2><p>Je vous accompagne dans les formalit\u00e9s d\u2019approbation et de d\u00e9p\u00f4t des comptes annuels, indispensables pour assurer la transparence et la conformit\u00e9 de votre entreprise.<\/p><p><strong>Proc\u00e9dures<\/strong> :<\/p><ul class=\"wp-block-list\"><li><strong>Pr\u00e9paration des proc\u00e8s-verbaux<\/strong> d&rsquo;approbation des comptes annuels.<\/li>\n\n<li><strong>D\u00e9p\u00f4t des comptes annuels<\/strong> aupr\u00e8s du greffe du tribunal de commerce.<\/li>\n\n<li>Assistance dans les d\u00e9marches pour les soci\u00e9t\u00e9s avec ou sans <strong>commissaire aux comptes<\/strong> (CAC).<\/li><\/ul><p><strong>Types de soci\u00e9t\u00e9s prises en charge<\/strong> :<\/p><ul class=\"wp-block-list\"><li><strong>EURL \/ SASU<\/strong><\/li>\n\n<li><strong>SARL \/ SAS<\/strong> (avec ou sans CAC)<\/li>\n\n<li><strong>Soci\u00e9t\u00e9s civiles (SCI, SC)<\/strong><\/li><\/ul><p><strong>Options suppl\u00e9mentaires<\/strong> :<\/p><ul class=\"wp-block-list\"><li><strong>PV de r\u00e9mun\u00e9ration<\/strong><\/li>\n\n<li><strong>Abandon de cr\u00e9ances<\/strong><\/li>\n\n<li><strong>Perte de capitaux propres<\/strong><\/li><\/ul><div class=\"wp-block-buttons alignwide is-content-justification-center is-layout-flex wp-container-core-buttons-is-layout-16018d1d wp-block-buttons-is-layout-flex\"><div class=\"wp-block-button\"><a class=\"wp-block-button__link has-accent-background-color has-background wp-element-button\" href=\"https:\/\/www.jurizy.com\/index.php\/approbation-et-depot-des-comptes-annuels\/\">En savoir plus<\/a><\/div><\/div><h2 class=\"wp-block-heading has-accent-color has-text-color has-link-color wp-elements-9171129a5babc3a6648a415d99608813\">5. R\u00e9daction des baux<\/h2><p>Je prends en charge la r\u00e9daction de <strong>baux professionnels<\/strong> et <strong>baux commerciaux<\/strong>, dans les cas o\u00f9 <strong>l&rsquo;exploitant et le propri\u00e9taire sont identiques<\/strong>. Ces documents juridiques permettent de prot\u00e9ger les droits de toutes les parties impliqu\u00e9es tout en assurant la conformit\u00e9 l\u00e9gale.<\/p><p><strong>Proc\u00e9dures<\/strong> :<\/p><ul class=\"wp-block-list\"><li><strong>R\u00e9daction de baux professionnels<\/strong>.<\/li>\n\n<li><strong>R\u00e9daction de baux commerciaux<\/strong>.<\/li>\n\n<li><strong>R\u00e9vision et mise \u00e0 jour<\/strong> des baux pour conformit\u00e9, dans les situations o\u00f9 l\u2019exploitant et le propri\u00e9taire sont identiques.<\/li><\/ul><div class=\"wp-block-buttons alignwide is-content-justification-center is-layout-flex wp-container-core-buttons-is-layout-16018d1d wp-block-buttons-is-layout-flex\"><div class=\"wp-block-button\"><a class=\"wp-block-button__link has-accent-background-color has-background wp-element-button\" href=\"https:\/\/www.jurizy.com\/index.php\/baux\/\">En savoir plus<\/a><\/div><\/div><h2 class=\"wp-block-heading has-accent-color has-text-color has-link-color wp-elements-065e60a90246c68547dc73006cbce2ca\">6. Autres formalit\u00e9s<\/h2><p>Je m\u2019occupe de diverses formalit\u00e9s juridiques pour assurer la conformit\u00e9 de votre entreprise.<\/p><p><strong>Proc\u00e9dures<\/strong> :<\/p><ul class=\"wp-block-list\"><li><strong>Enregistrement des actes<\/strong>.<\/li>\n\n<li><strong>Mise \u00e0 jour du RNE<\/strong> (Registre National des Entreprises).<\/li>\n\n<li>Mise \u00e0 jour du RBE (Registre des B\u00e9n\u00e9ficiaires Effectifs)<\/li><\/ul><div class=\"wp-block-buttons alignwide is-content-justification-center is-layout-flex wp-container-core-buttons-is-layout-16018d1d wp-block-buttons-is-layout-flex\"><div class=\"wp-block-button\"><a class=\"wp-block-button__link has-accent-background-color has-background wp-element-button\" href=\"https:\/\/www.jurizy.com\/index.php\/modification\/\">En savoir plus<\/a><\/div><\/div><h2 class=\"wp-block-heading has-accent-color has-text-color has-link-color wp-elements-e677d1768520efa03631d79e3f0ea74d\">7. Formalit\u00e9s sur devis<\/h2><p>Pour des d\u00e9marches plus sp\u00e9cifiques, je propose des prestations sur devis.<\/p><p><strong>Proc\u00e9dures<\/strong> :<\/p><ul class=\"wp-block-list\"><li><strong>Cession de parts sociales<\/strong> \/ Transfert d\u2019actions.<\/li>\n\n<li><strong>Cr\u00e9ation et formalit\u00e9s<\/strong> pour les soci\u00e9t\u00e9s anonymes (SA).<\/li>\n\n<li><strong>Immatriculation SELARL<\/strong>.<\/li>\n\n<li><strong>Modifications multiples<\/strong> ou complexes.<\/li><\/ul><div class=\"wp-block-buttons alignwide is-content-justification-center is-layout-flex wp-container-core-buttons-is-layout-16018d1d wp-block-buttons-is-layout-flex\"><div class=\"wp-block-button\"><a class=\"wp-block-button__link has-accent-background-color has-background wp-element-button\" href=\"https:\/\/www.jurizy.com\/index.php\/prestations-sur-devis\/\">En savoir plus<\/a><\/div><\/div><h2 class=\"wp-block-heading has-accent-color has-text-color has-link-color wp-elements-6497d0087aea990e0be73d58d1094d24\">Contact pour toute demande particuli\u00e8re<\/h2><p>Si vous avez une demande sp\u00e9cifique ou un besoin non mentionn\u00e9 dans la liste des services propos\u00e9s, n&rsquo;h\u00e9sitez pas \u00e0 <strong>me contacter<\/strong>. Ensemble, nous verrons si je peux vous proposer une solution adapt\u00e9e ou vous orienter vers le service ad\u00e9quat.<\/p><div class=\"wp-block-buttons alignwide is-content-justification-center is-layout-flex wp-container-core-buttons-is-layout-16018d1d wp-block-buttons-is-layout-flex\"><div class=\"wp-block-button\"><a class=\"wp-block-button__link has-accent-background-color has-background wp-element-button\" href=\"https:\/\/www.jurizy.com\/index.php\/contact\/\">Contactez-moi<\/a><\/div><\/div>","protected":false},"excerpt":{"rendered":"<p>1. Cr\u00e9ation d&rsquo;entreprise Je vous accompagne dans toutes les \u00e9tapes de cr\u00e9ation de votre entreprise, que vous choisissiez de cr\u00e9er une entreprise individuelle, une EURL, une SASU, une SELARL, une SARL, une SAS, une SC, ou une SCI. Chaque type de soci\u00e9t\u00e9 poss\u00e8de ses sp\u00e9cificit\u00e9s, et je m\u2019assure que toutes [&hellip;]<\/p>\n","protected":false},"author":1,"featured_media":0,"parent":0,"menu_order":0,"comment_status":"closed","ping_status":"closed","template":"","meta":{"footnotes":""},"class_list":["post-68","page","type-page","status-publish","hentry"],"_links":{"self":[{"href":"https:\/\/www.jurizy.com\/index.php\/wp-json\/wp\/v2\/pages\/68","targetHints":{"allow":["GET"]}}],"collection":[{"href":"https:\/\/www.jurizy.com\/index.php\/wp-json\/wp\/v2\/pages"}],"about":[{"href":"https:\/\/www.jurizy.com\/index.php\/wp-json\/wp\/v2\/types\/page"}],"author":[{"embeddable":true,"href":"https:\/\/www.jurizy.com\/index.php\/wp-json\/wp\/v2\/users\/1"}],"replies":[{"embeddable":true,"href":"https:\/\/www.jurizy.com\/index.php\/wp-json\/wp\/v2\/comments?post=68"}],"version-history":[{"count":7,"href":"https:\/\/www.jurizy.com\/index.php\/wp-json\/wp\/v2\/pages\/68\/revisions"}],"predecessor-version":[{"id":183,"href":"https:\/\/www.jurizy.com\/index.php\/wp-json\/wp\/v2\/pages\/68\/revisions\/183"}],"wp:attachment":[{"href":"https:\/\/www.jurizy.com\/index.php\/wp-json\/wp\/v2\/media?parent=68"}],"curies":[{"name":"wp","href":"https:\/\/api.w.org\/{rel}","templated":true}]}}