{"id":32,"date":"2024-09-24T18:53:10","date_gmt":"2024-09-24T16:53:10","guid":{"rendered":"https:\/\/www.jurizy.com\/index.php\/accueil\/"},"modified":"2024-09-27T17:53:39","modified_gmt":"2024-09-27T15:53:39","slug":"accueil","status":"publish","type":"page","link":"https:\/\/www.jurizy.com\/","title":{"rendered":"Accueil"},"content":{"rendered":"<figure class=\"wp-block-image size-full\"><img fetchpriority=\"high\" decoding=\"async\" width=\"1280\" height=\"411\" src=\"https:\/\/mlluzz1zrzsq.i.optimole.com\/w:auto\/h:auto\/q:mauto\/ig:avif\/https:\/\/www.jurizy.com\/wp-content\/uploads\/2024\/09\/LOGO-JURIZY-avec-texte-rogne.jpg\" alt=\"\" class=\"wp-image-35\" srcset=\"https:\/\/mlluzz1zrzsq.i.optimole.com\/w:auto\/h:auto\/q:mauto\/ig:avif\/https:\/\/www.jurizy.com\/wp-content\/uploads\/2024\/09\/LOGO-JURIZY-avec-texte-rogne.jpg 1280w, https:\/\/mlluzz1zrzsq.i.optimole.com\/w:300\/h:96\/q:mauto\/ig:avif\/https:\/\/www.jurizy.com\/wp-content\/uploads\/2024\/09\/LOGO-JURIZY-avec-texte-rogne.jpg 300w, https:\/\/mlluzz1zrzsq.i.optimole.com\/w:1024\/h:329\/q:mauto\/ig:avif\/https:\/\/www.jurizy.com\/wp-content\/uploads\/2024\/09\/LOGO-JURIZY-avec-texte-rogne.jpg 1024w, https:\/\/mlluzz1zrzsq.i.optimole.com\/w:768\/h:247\/q:mauto\/ig:avif\/https:\/\/www.jurizy.com\/wp-content\/uploads\/2024\/09\/LOGO-JURIZY-avec-texte-rogne.jpg 768w, https:\/\/mlluzz1zrzsq.i.optimole.com\/w:600\/h:193\/q:mauto\/ig:avif\/https:\/\/www.jurizy.com\/wp-content\/uploads\/2024\/09\/LOGO-JURIZY-avec-texte-rogne.jpg 600w\" sizes=\"(max-width: 1280px) 100vw, 1280px\" \/><\/figure><p><\/p><h2 class=\"wp-block-heading has-text-align-center has-accent-color has-text-color has-link-color wp-elements-e8c66f385cc0e02b33d9952184fc6433\">Des formalit\u00e9s aussi simples que vos id\u00e9es !<\/h2><div class=\"wp-block-buttons is-content-justification-center is-layout-flex wp-container-core-buttons-is-layout-16018d1d wp-block-buttons-is-layout-flex\"><div class=\"wp-block-button\"><a class=\"wp-block-button__link has-white-color has-accent-background-color has-text-color has-background has-link-color wp-element-button\" href=\"https:\/\/www.jurizy.com\/index.php\/contact\/\">Contactez-nous<\/a><\/div><\/div><h2 class=\"wp-block-heading has-text-align-center has-text-color has-link-color has-x-large-font-size wp-elements-00b8f7274d8221829bbb14f441db8eab\" style=\"color:#004169\">Bienvenue chez Jurizy<\/h2><p class=\"has-text-color has-link-color has-medium-font-size wp-elements-7633bb1b29c4d894a0cc54c768db5aa5\" style=\"color:#574240\">Je m&rsquo;appelle <strong>Laetitia M\u00e9n\u00e9gaux<\/strong>, assistante juridique et juriste en cabinet comptable depuis 2011. Forte de plus de dix ans d&rsquo;exp\u00e9rience, je mets \u00e0 votre service mon expertise dans les formalit\u00e9s juridiques pour vous accompagner \u00e0 chaque \u00e9tape de la vie de votre entreprise, qu&rsquo;il s&rsquo;agisse de <strong>cr\u00e9ation<\/strong>, de <strong>modification<\/strong>, ou de <strong>radiation<\/strong>.<\/p><p class=\"has-text-color has-link-color has-medium-font-size wp-elements-ee6616ea8be24110f5536e9ea9c0cc88\" style=\"color:#574240\">Gr\u00e2ce \u00e0 mon parcours au sein de cabinets comptables, j&rsquo;ai d\u00e9velopp\u00e9 une solide ma\u00eetrise des d\u00e9marches administratives complexes, ce qui me permet de vous offrir des solutions adapt\u00e9es et efficaces pour simplifier vos formalit\u00e9s.<\/p><p class=\"has-text-color has-link-color has-medium-font-size wp-elements-de24bb1d0a0a97c89dc16d44429c076b\" style=\"color:#574240\"><strong>Mon objectif ?<\/strong> Vous lib\u00e9rer de la gestion administrative, afin que vous puissiez vous concentrer sur l&rsquo;essentiel : le d\u00e9veloppement de votre activit\u00e9. Avec <strong>Jurizy<\/strong>, chaque formalit\u00e9 devient une formalit\u00e9 !<\/p><p class=\"has-text-color has-link-color has-large-font-size wp-elements-7a904d391c0206ff2991421e3570393f\" style=\"color:#004169\"><strong>Pourquoi choisir Jurizy ?<\/strong><\/p><p class=\"has-text-color has-link-color has-medium-font-size wp-elements-c712b9d523afa07ea2367cb3aaccf8f6\" style=\"color:#574240\"><strong>Accompagnement personnalis\u00e9<\/strong> : Je vous propose des solutions sur-mesure, adapt\u00e9es \u00e0 vos besoins sp\u00e9cifiques.<\/p><p class=\"has-text-color has-link-color has-medium-font-size wp-elements-c871066976037444c6bf99e4690687fa\" style=\"color:#574240\"><strong>R\u00e9activit\u00e9 et simplicit\u00e9<\/strong> : Je g\u00e8re vos d\u00e9marches rapidement et efficacement pour vous faire gagner du temps.<\/p><p class=\"has-text-color has-link-color has-medium-font-size wp-elements-bba8132169f9abaaa5e0b2b1772be08c\" style=\"color:#574240\"><strong>Exp\u00e9rience solide<\/strong> : Plus de 10 ans d&rsquo;expertise dans le domaine des formalit\u00e9s et de la gestion administrative.<\/p><p class=\"has-text-color has-link-color has-medium-font-size wp-elements-9464e6f0c64dcddb5d05d8c7949d52e5\" style=\"color:#574240\"><strong>Contactez-moi<\/strong> d\u00e8s aujourd&rsquo;hui pour discuter de vos projets, et laissez-moi vous aider \u00e0 naviguer facilement dans toutes vos d\u00e9marches administratives.<\/p><div class=\"wp-block-image is-style-rounded\"><figure class=\"aligncenter size-full is-resized\"><img fetchpriority=\"high\" decoding=\"async\" width=\"1024\" height=\"1024\" src=\"https:\/\/mlluzz1zrzsq.i.optimole.com\/w:auto\/h:auto\/q:mauto\/ig:avif\/https:\/\/www.jurizy.com\/wp-content\/uploads\/2024\/09\/6b3bc3ec-8d90-460a-8791-677a0818e7aa.jpg\" alt=\"\" class=\"wp-image-46\" style=\"width:695px;height:auto\" srcset=\"https:\/\/mlluzz1zrzsq.i.optimole.com\/w:auto\/h:auto\/q:mauto\/ig:avif\/https:\/\/www.jurizy.com\/wp-content\/uploads\/2024\/09\/6b3bc3ec-8d90-460a-8791-677a0818e7aa.jpg 1024w, https:\/\/mlluzz1zrzsq.i.optimole.com\/w:300\/h:300\/q:mauto\/ig:avif\/https:\/\/www.jurizy.com\/wp-content\/uploads\/2024\/09\/6b3bc3ec-8d90-460a-8791-677a0818e7aa.jpg 300w, https:\/\/mlluzz1zrzsq.i.optimole.com\/w:150\/h:150\/q:mauto\/rt:fill\/g:ce\/ig:avif\/https:\/\/www.jurizy.com\/wp-content\/uploads\/2024\/09\/6b3bc3ec-8d90-460a-8791-677a0818e7aa.jpg 150w, https:\/\/mlluzz1zrzsq.i.optimole.com\/w:768\/h:768\/q:mauto\/ig:avif\/https:\/\/www.jurizy.com\/wp-content\/uploads\/2024\/09\/6b3bc3ec-8d90-460a-8791-677a0818e7aa.jpg 768w, https:\/\/mlluzz1zrzsq.i.optimole.com\/w:600\/h:600\/q:mauto\/ig:avif\/https:\/\/www.jurizy.com\/wp-content\/uploads\/2024\/09\/6b3bc3ec-8d90-460a-8791-677a0818e7aa.jpg 600w, https:\/\/mlluzz1zrzsq.i.optimole.com\/w:160\/h:160\/q:mauto\/rt:fill\/g:ce\/ig:avif\/https:\/\/www.jurizy.com\/wp-content\/uploads\/2024\/09\/6b3bc3ec-8d90-460a-8791-677a0818e7aa.jpg 160w\" sizes=\"(max-width: 1024px) 100vw, 1024px\" \/><\/figure><\/div>","protected":false},"excerpt":{"rendered":"<p>Des formalit\u00e9s aussi simples que vos id\u00e9es ! Bienvenue chez Jurizy Je m&rsquo;appelle Laetitia M\u00e9n\u00e9gaux, assistante juridique et juriste en cabinet comptable depuis 2011. Forte de plus de dix ans d&rsquo;exp\u00e9rience, je mets \u00e0 votre service mon expertise dans les formalit\u00e9s juridiques pour vous accompagner \u00e0 chaque \u00e9tape de la [&hellip;]<\/p>\n","protected":false},"author":1,"featured_media":0,"parent":0,"menu_order":0,"comment_status":"closed","ping_status":"closed","template":"","meta":{"footnotes":""},"class_list":["post-32","page","type-page","status-publish","hentry"],"_links":{"self":[{"href":"https:\/\/www.jurizy.com\/index.php\/wp-json\/wp\/v2\/pages\/32","targetHints":{"allow":["GET"]}}],"collection":[{"href":"https:\/\/www.jurizy.com\/index.php\/wp-json\/wp\/v2\/pages"}],"about":[{"href":"https:\/\/www.jurizy.com\/index.php\/wp-json\/wp\/v2\/types\/page"}],"author":[{"embeddable":true,"href":"https:\/\/www.jurizy.com\/index.php\/wp-json\/wp\/v2\/users\/1"}],"replies":[{"embeddable":true,"href":"https:\/\/www.jurizy.com\/index.php\/wp-json\/wp\/v2\/comments?post=32"}],"version-history":[{"count":6,"href":"https:\/\/www.jurizy.com\/index.php\/wp-json\/wp\/v2\/pages\/32\/revisions"}],"predecessor-version":[{"id":100,"href":"https:\/\/www.jurizy.com\/index.php\/wp-json\/wp\/v2\/pages\/32\/revisions\/100"}],"wp:attachment":[{"href":"https:\/\/www.jurizy.com\/index.php\/wp-json\/wp\/v2\/media?parent=32"}],"curies":[{"name":"wp","href":"https:\/\/api.w.org\/{rel}","templated":true}]}}