{"id":199,"date":"2025-11-12T18:08:01","date_gmt":"2025-11-12T17:08:01","guid":{"rendered":"https:\/\/www.jurizy.com\/?page_id=199"},"modified":"2025-11-12T18:10:43","modified_gmt":"2025-11-12T17:10:43","slug":"mes-kits-juridiques","status":"publish","type":"page","link":"https:\/\/www.jurizy.com\/index.php\/mes-kits-juridiques\/","title":{"rendered":"Mes Kits Juridiques"},"content":{"rendered":"<p>Des kits pr\u00eats \u00e0 l\u2019emploi pour EURL &amp; SASU : mod\u00e8les Word, pas-\u00e0-pas INPI, checklist, et calcul automatique de la r\u00e9serve l\u00e9gale.<\/p><p><br><em>Infos g\u00e9n\u00e9rales \u2014 v\u00e9rifiez vos statuts. TVA non applicable \u2014 art. 293 B<\/em><\/p><div style=\"height:41px\" aria-hidden=\"true\" class=\"wp-block-spacer\"><\/div><p><\/p><div class=\"wp-block-columns is-layout-flex wp-container-core-columns-is-layout-9d6595d7 wp-block-columns-is-layout-flex\"><div class=\"wp-block-column is-layout-flow wp-block-column-is-layout-flow\"><p><\/p>\n\n<p><\/p>\n\n<p class=\"has-text-align-center\"><strong>Kit EURL &amp; SASU \u2014 AGO Express <\/strong><\/p>\n\n<p class=\"has-text-align-center\"><em>Approbation + d\u00e9p\u00f4t INPI guid\u00e9s en 30 min.<\/em><\/p>\n\n<p>\ud83d\udcbc <em>Le kit juridique cl\u00e9 en main pour approuver tes comptes et les d\u00e9poser au Guichet unique sans stress \u2014 m\u00eame sans expert-comptable.<\/em><\/p>\n\n<p class=\"has-text-align-center\"><strong>39 \u20ac<\/strong> (TVA non applicable \u2014 art. 293 B du CGI)<\/p>\n\n<div class=\"wp-block-buttons is-layout-flex wp-block-buttons-is-layout-flex\"><div class=\"wp-block-button\"><a class=\"wp-block-button__link has-white-color has-accent-background-color has-text-color has-background has-link-color wp-element-button\" href=\"https:\/\/payhip.com\/b\/5gXkf\">Je t\u00e9l\u00e9charge le Kit maintenant<\/a><\/div><\/div>\n\n<p><\/p>\n\n<div class=\"wp-block-columns is-layout-flex wp-container-core-columns-is-layout-9d6595d7 wp-block-columns-is-layout-flex\"><div class=\"wp-block-column is-layout-flow wp-block-column-is-layout-flow\"><\/div>\n\n<div class=\"wp-block-column is-layout-flow wp-block-column-is-layout-flow\"><\/div><\/div><\/div>\n\n<div class=\"wp-block-column is-layout-flow wp-block-column-is-layout-flow\"><figure class=\"wp-block-image size-full\"><img fetchpriority=\"high\" decoding=\"async\" width=\"562\" height=\"800\" src=\"https:\/\/mlluzz1zrzsq.i.optimole.com\/w:auto\/h:auto\/q:mauto\/ig:avif\/https:\/\/www.jurizy.com\/wp-content\/uploads\/2025\/11\/Capture-decran-2025-11-12-155148.png\" alt=\"\" class=\"wp-image-200\" srcset=\"https:\/\/mlluzz1zrzsq.i.optimole.com\/w:auto\/h:auto\/q:mauto\/ig:avif\/https:\/\/www.jurizy.com\/wp-content\/uploads\/2025\/11\/Capture-decran-2025-11-12-155148.png 562w, https:\/\/mlluzz1zrzsq.i.optimole.com\/w:211\/h:300\/q:mauto\/ig:avif\/https:\/\/www.jurizy.com\/wp-content\/uploads\/2025\/11\/Capture-decran-2025-11-12-155148.png 211w\" sizes=\"(max-width: 562px) 100vw, 562px\" \/><\/figure>\n\n<p><\/p><\/div><\/div><div class=\"wp-block-columns is-layout-flex wp-container-core-columns-is-layout-9d6595d7 wp-block-columns-is-layout-flex\"><div class=\"wp-block-column is-layout-flow wp-block-column-is-layout-flow\"><p><strong>Ce que contient le kit :<\/strong><\/p>\n\n<ul class=\"wp-block-list\"><li>PDF <em>D\u00e9marrage rapide<\/em> + captures pas-\u00e0-pas<\/li>\n\n<li>Mod\u00e8les Word (EURL\/SASU, confidentialit\u00e9)<\/li>\n\n<li>Excel r\u00e9serve l\u00e9gale auto<\/li>\n\n<li>D\u00e9p\u00f4t INPI guid\u00e9 en 30 min<\/li><\/ul>\n\n<p><em><strong>Pour qui ?<\/strong><\/em><\/p>\n\n<ul class=\"wp-block-list\"><li>EURL ou SASU <strong>associ\u00e9\u00b7e unique<\/strong>.<\/li>\n\n<li>Comptes simples, sans situation litigieuse.<\/li>\n\n<li>Pas d\u2019expert-comptable ? \u2192 le kit te cadre.<\/li><\/ul><\/div>\n\n<div class=\"wp-block-column is-layout-flow wp-block-column-is-layout-flow\"><p><em><strong>En 30 min, vous saurez\u2026<\/strong><\/em><\/p>\n\n<ul class=\"wp-block-list\"><li>Approuver les comptes (d\u00e9cision pr\u00eate \u00e0 signer).<\/li>\n\n<li>Calculer la r\u00e9serve l\u00e9gale <strong>juste<\/strong>.<\/li>\n\n<li>D\u00e9poser au Guichet unique (INPI) <strong>pas-\u00e0-pas<\/strong>.<\/li>\n\n<li>Archiver proprement (registre + sauvegarde).<\/li><\/ul>\n\n<div class=\"wp-block-buttons is-layout-flex wp-block-buttons-is-layout-flex\"><div class=\"wp-block-button\"><a class=\"wp-block-button__link has-white-color has-accent-background-color has-text-color has-background has-link-color wp-element-button\" href=\"https:\/\/payhip.com\/b\/5gXkf\">Je t\u00e9l\u00e9charge le Kit maintenant<\/a><\/div><\/div><\/div><\/div><p><\/p><p class=\"has-text-align-left\"><\/p><p>\u2696\ufe0f <strong>Important<\/strong><br>Produit num\u00e9rique instantan\u00e9. Pas de remboursement apr\u00e8s t\u00e9l\u00e9chargement.<br>JURIZY \u2014 informations g\u00e9n\u00e9rales, non constitutives d\u2019un conseil juridique.<br>TVA non applicable \u2014 art. 293 B du CGI.<\/p><p><\/p>","protected":false},"excerpt":{"rendered":"<p>Des kits pr\u00eats \u00e0 l\u2019emploi pour EURL &amp; SASU : mod\u00e8les Word, pas-\u00e0-pas INPI, checklist, et calcul automatique de la r\u00e9serve l\u00e9gale. Infos g\u00e9n\u00e9rales \u2014 v\u00e9rifiez vos statuts. TVA non applicable \u2014 art. 293 B Kit EURL &amp; SASU \u2014 AGO Express Approbation + d\u00e9p\u00f4t INPI guid\u00e9s en 30 min. [&hellip;]<\/p>\n","protected":false},"author":1,"featured_media":0,"parent":0,"menu_order":0,"comment_status":"closed","ping_status":"closed","template":"","meta":{"footnotes":""},"class_list":["post-199","page","type-page","status-publish","hentry"],"_links":{"self":[{"href":"https:\/\/www.jurizy.com\/index.php\/wp-json\/wp\/v2\/pages\/199","targetHints":{"allow":["GET"]}}],"collection":[{"href":"https:\/\/www.jurizy.com\/index.php\/wp-json\/wp\/v2\/pages"}],"about":[{"href":"https:\/\/www.jurizy.com\/index.php\/wp-json\/wp\/v2\/types\/page"}],"author":[{"embeddable":true,"href":"https:\/\/www.jurizy.com\/index.php\/wp-json\/wp\/v2\/users\/1"}],"replies":[{"embeddable":true,"href":"https:\/\/www.jurizy.com\/index.php\/wp-json\/wp\/v2\/comments?post=199"}],"version-history":[{"count":10,"href":"https:\/\/www.jurizy.com\/index.php\/wp-json\/wp\/v2\/pages\/199\/revisions"}],"predecessor-version":[{"id":211,"href":"https:\/\/www.jurizy.com\/index.php\/wp-json\/wp\/v2\/pages\/199\/revisions\/211"}],"wp:attachment":[{"href":"https:\/\/www.jurizy.com\/index.php\/wp-json\/wp\/v2\/media?parent=199"}],"curies":[{"name":"wp","href":"https:\/\/api.w.org\/{rel}","templated":true}]}}