{"id":193,"date":"2025-09-12T18:38:42","date_gmt":"2025-09-12T16:38:42","guid":{"rendered":"https:\/\/www.jurizy.com\/?page_id=193"},"modified":"2025-11-12T18:21:05","modified_gmt":"2025-11-12T17:21:05","slug":"193-2","status":"publish","type":"page","link":"https:\/\/www.jurizy.com\/index.php\/193-2\/","title":{"rendered":"Merci"},"content":{"rendered":"<p class=\"has-text-align-center has-text-color has-link-color has-x-large-font-size wp-elements-09dd5b596b5b8a3899e46c775b280582\" style=\"color:#004169\"><strong>Merci pour votre confiance.<\/strong><\/p><p class=\"has-text-align-center has-text-color has-link-color wp-elements-2856a8479230836cebc1472cc53518c6\" style=\"color:#555555;font-size:40px\">Votre commande est confirm\u00e9e.<\/p><div class=\"wp-block-columns is-layout-flex wp-container-core-columns-is-layout-9d6595d7 wp-block-columns-is-layout-flex\"><div class=\"wp-block-column is-layout-flow wp-block-column-is-layout-flow\"><p class=\"has-text-color has-link-color wp-elements-7b52cb00142b8acb7e0f6c715c420369\" style=\"color:#333333\">Votre commande de <strong>Kit de documents juridiques<\/strong> a bien \u00e9t\u00e9 enregistr\u00e9e.<\/p>\n\n<p class=\"has-text-color has-link-color wp-elements-419a9a7742b30fa925e5580bf7ecb881\" style=\"color:#333333\"><br>Dans les prochaines minutes, vous allez recevoir un e-mail contenant :<\/p>\n\n<ul class=\"wp-block-list\"><li class=\"has-text-color has-link-color wp-elements-1ba5c8808a6e665cb4196e0e8d22f7cc\" style=\"color:#333333\">le lien de t\u00e9l\u00e9chargement de votre kit,<\/li>\n\n<li class=\"has-text-color has-link-color wp-elements-93364546dec49eeb2f193b38a67aa7e4\" style=\"color:#333333\">le r\u00e9capitulatif de votre achat,<\/li>\n\n<li class=\"has-text-color has-link-color wp-elements-3c13cfc0b85644c2b93da581c478f8d6\" style=\"color:#333333\">nos coordonn\u00e9es en cas de question.<\/li><\/ul>\n\n<p class=\"has-text-color has-link-color wp-elements-e08989a23171fcee97c9662d403b515d\" style=\"color:#333333\"><\/p><\/div>\n\n<div class=\"wp-block-column is-layout-flow wp-block-column-is-layout-flow\"><div class=\"wp-block-image is-style-rounded\"><figure class=\"alignright size-full is-resized\"><img fetchpriority=\"high\" decoding=\"async\" width=\"1808\" height=\"2560\" src=\"https:\/\/mlluzz1zrzsq.i.optimole.com\/w:auto\/h:auto\/q:mauto\/ig:avif\/https:\/\/www.jurizy.com\/wp-content\/uploads\/2025\/09\/Design-sans-titre-8-scaled.png\" alt=\"\" class=\"wp-image-196\" style=\"width:257px;height:auto\" srcset=\"https:\/\/mlluzz1zrzsq.i.optimole.com\/w:auto\/h:auto\/q:mauto\/ig:avif\/https:\/\/www.jurizy.com\/wp-content\/uploads\/2025\/09\/Design-sans-titre-8-scaled.png 1808w, https:\/\/mlluzz1zrzsq.i.optimole.com\/w:212\/h:300\/q:mauto\/ig:avif\/https:\/\/www.jurizy.com\/wp-content\/uploads\/2025\/09\/Design-sans-titre-8.png 212w, https:\/\/mlluzz1zrzsq.i.optimole.com\/w:723\/h:1024\/q:mauto\/ig:avif\/https:\/\/www.jurizy.com\/wp-content\/uploads\/2025\/09\/Design-sans-titre-8.png 723w, https:\/\/mlluzz1zrzsq.i.optimole.com\/w:762\/h:1080\/q:mauto\/ig:avif\/https:\/\/www.jurizy.com\/wp-content\/uploads\/2025\/09\/Design-sans-titre-8.png 768w, https:\/\/mlluzz1zrzsq.i.optimole.com\/w:762\/h:1080\/q:mauto\/ig:avif\/https:\/\/www.jurizy.com\/wp-content\/uploads\/2025\/09\/Design-sans-titre-8.png 1085w, https:\/\/mlluzz1zrzsq.i.optimole.com\/w:762\/h:1080\/q:mauto\/ig:avif\/https:\/\/www.jurizy.com\/wp-content\/uploads\/2025\/09\/Design-sans-titre-8.png 1446w, https:\/\/mlluzz1zrzsq.i.optimole.com\/w:600\/h:850\/q:mauto\/ig:avif\/https:\/\/www.jurizy.com\/wp-content\/uploads\/2025\/09\/Design-sans-titre-8.png 600w\" sizes=\"(max-width: 1808px) 100vw, 1808px\" \/><\/figure><\/div><\/div><\/div><p class=\"has-background\" style=\"background-color:#f7f7f7\">\ud83d\udce9Vous ne recevez pas l&rsquo;e-mail ?<\/p><p class=\"has-background\" style=\"background-color:#f7f7f7\">\u27a1\ufe0f Si vous ne recevez pas l\u2019e-mail sous 10 minutes, pensez \u00e0 v\u00e9rifier vos dossiers <em>spams<\/em> ou <em>promotions<\/em>.<\/p><p class=\"has-text-color has-link-color wp-elements-ed625e9c0923ae3b19751c6176e6adce\" style=\"color:#004169\">Et maintenant ?<\/p><ol class=\"wp-block-list\"><li>T\u00e9l\u00e9chargez vos documents gr\u00e2ce au lien dans l\u2019e-mail.<\/li>\n\n<li>Conservez le fichier sur votre ordinateur pour y acc\u00e9der facilement.<\/li>\n\n<li>En cas de difficult\u00e9, contactez-nous directement : <strong><a>laetitia@jurizy.com<\/a><\/strong>.<\/li><\/ol><p><\/p>","protected":false},"excerpt":{"rendered":"<p>Merci pour votre confiance. Votre commande est confirm\u00e9e. Votre commande de Kit de documents juridiques a bien \u00e9t\u00e9 enregistr\u00e9e. Dans les prochaines minutes, vous allez recevoir un e-mail contenant : \ud83d\udce9Vous ne recevez pas l&rsquo;e-mail ? \u27a1\ufe0f Si vous ne recevez pas l\u2019e-mail sous 10 minutes, pensez \u00e0 v\u00e9rifier vos [&hellip;]<\/p>\n","protected":false},"author":1,"featured_media":0,"parent":0,"menu_order":0,"comment_status":"closed","ping_status":"closed","template":"","meta":{"footnotes":""},"class_list":["post-193","page","type-page","status-publish","hentry"],"_links":{"self":[{"href":"https:\/\/www.jurizy.com\/index.php\/wp-json\/wp\/v2\/pages\/193","targetHints":{"allow":["GET"]}}],"collection":[{"href":"https:\/\/www.jurizy.com\/index.php\/wp-json\/wp\/v2\/pages"}],"about":[{"href":"https:\/\/www.jurizy.com\/index.php\/wp-json\/wp\/v2\/types\/page"}],"author":[{"embeddable":true,"href":"https:\/\/www.jurizy.com\/index.php\/wp-json\/wp\/v2\/users\/1"}],"replies":[{"embeddable":true,"href":"https:\/\/www.jurizy.com\/index.php\/wp-json\/wp\/v2\/comments?post=193"}],"version-history":[{"count":4,"href":"https:\/\/www.jurizy.com\/index.php\/wp-json\/wp\/v2\/pages\/193\/revisions"}],"predecessor-version":[{"id":213,"href":"https:\/\/www.jurizy.com\/index.php\/wp-json\/wp\/v2\/pages\/193\/revisions\/213"}],"wp:attachment":[{"href":"https:\/\/www.jurizy.com\/index.php\/wp-json\/wp\/v2\/media?parent=193"}],"curies":[{"name":"wp","href":"https:\/\/api.w.org\/{rel}","templated":true}]}}