{"id":187,"date":"2025-01-17T11:53:33","date_gmt":"2025-01-17T10:53:33","guid":{"rendered":"https:\/\/www.jurizy.com\/?page_id=187"},"modified":"2025-01-17T11:53:35","modified_gmt":"2025-01-17T10:53:35","slug":"politique-de-confidentialite","status":"publish","type":"page","link":"https:\/\/www.jurizy.com\/index.php\/politique-de-confidentialite\/","title":{"rendered":"Politique de Confidentialit\u00e9"},"content":{"rendered":"<h3 class=\"wp-block-heading has-accent-color has-text-color has-link-color wp-elements-238ca6e194d14574e69a51262da39a0a\"><strong>Introduction<\/strong><\/h3><p>En tant qu&rsquo;entrepreneur, je (Laetitia M\u00e9n\u00e9gaux, exer\u00e7ant sous le nom de Jurizy, ci-apr\u00e8s \u00ab\u00a0je\u00a0\u00bb ou \u00ab\u00a0moi\u00a0\u00bb) accorde une grande importance \u00e0 la protection de vos donn\u00e9es personnelles. Cette politique de confidentialit\u00e9 a pour objectif de vous informer sur la mani\u00e8re dont vos donn\u00e9es sont collect\u00e9es, utilis\u00e9es, stock\u00e9es et prot\u00e9g\u00e9es, en conformit\u00e9 avec le <strong>R\u00e8glement G\u00e9n\u00e9ral sur la Protection des Donn\u00e9es (RGPD)<\/strong> et la l\u00e9gislation fran\u00e7aise.<\/p><hr class=\"wp-block-separator has-alpha-channel-opacity\"\/><h3 class=\"wp-block-heading has-accent-color has-text-color has-link-color wp-elements-f5b2741eebd4aedbb29b455a38e9ddd4\"><strong>1. Responsable du Traitement<\/strong><\/h3><p>Le responsable du traitement des donn\u00e9es est :<\/p><ul class=\"wp-block-list\"><li><strong>Nom :<\/strong> Laetitia M\u00e9n\u00e9gaux<\/li>\n\n<li><strong>Statut :<\/strong> Entrepreneuse<\/li>\n\n<li><strong>Email :<\/strong> <a>laetitia @ jurizy.com<\/a><\/li><\/ul><hr class=\"wp-block-separator has-alpha-channel-opacity\"\/><h3 class=\"wp-block-heading has-accent-color has-text-color has-link-color wp-elements-d38eaa2d547797b5a1b9db57ad05b2dc\"><strong>2. Donn\u00e9es Collect\u00e9es<\/strong><\/h3><p>Les donn\u00e9es personnelles que je collecte incluent :<\/p><ul class=\"wp-block-list\"><li><strong>Donn\u00e9es d\u2019identit\u00e9 :<\/strong> Nom, pr\u00e9nom.<\/li>\n\n<li><strong>Coordonn\u00e9es :<\/strong> Adresse email, num\u00e9ro de t\u00e9l\u00e9phone.<\/li>\n\n<li><strong>Informations professionnelles :<\/strong> Donn\u00e9es concernant vos besoins en formalit\u00e9s d\u2019entreprise.<\/li>\n\n<li><strong>Donn\u00e9es de navigation :<\/strong> Adresse IP, cookies (voir article 6).<\/li><\/ul><p>Les donn\u00e9es sont collect\u00e9es via :<\/p><ul class=\"wp-block-list\"><li>Les formulaires sur mon site internet.<\/li>\n\n<li>Les \u00e9changes par email ou t\u00e9l\u00e9phone.<\/li><\/ul><hr class=\"wp-block-separator has-alpha-channel-opacity\"\/><h3 class=\"wp-block-heading has-accent-color has-text-color has-link-color wp-elements-fe59c9bc63ce17b406efe9eb2e4dd101\"><strong>3. Finalit\u00e9s du Traitement<\/strong><\/h3><p>Vos donn\u00e9es personnelles sont utilis\u00e9es dans les cas suivants :<\/p><ul class=\"wp-block-list\"><li>R\u00e9pondre \u00e0 vos demandes via le formulaire de contact.<\/li>\n\n<li>Fournir mes services de formalit\u00e9s administratives et juridiques.<\/li>\n\n<li>Am\u00e9liorer mon site internet et votre exp\u00e9rience utilisateur.<\/li><\/ul><hr class=\"wp-block-separator has-alpha-channel-opacity\"\/><h3 class=\"wp-block-heading has-accent-color has-text-color has-link-color wp-elements-c9fa7b1d035be06817cd92220fa04012\"><strong>4. Base L\u00e9gale des Traitements<\/strong><\/h3><p>Le traitement de vos donn\u00e9es est fond\u00e9 sur :<\/p><ul class=\"wp-block-list\"><li><strong>Votre consentement :<\/strong> Lorsque vous soumettez un formulaire en ligne.<\/li>\n\n<li><strong>Mes obligations l\u00e9gales :<\/strong> Respect des obligations li\u00e9es \u00e0 mon statut de micro-entreprise.<\/li><\/ul><hr class=\"wp-block-separator has-alpha-channel-opacity\"\/><h3 class=\"wp-block-heading has-accent-color has-text-color has-link-color wp-elements-b83f070e2faddbde48536d40c7725965\"><strong>5. Partage des Donn\u00e9es<\/strong><\/h3><p>Je ne partage pas vos donn\u00e9es personnelles avec des tiers, sauf :<\/p><ul class=\"wp-block-list\"><li>Lorsque cela est n\u00e9cessaire pour ex\u00e9cuter les prestations demand\u00e9es (ex. : transmission d\u2019informations \u00e0 un greffe).<\/li>\n\n<li>En cas d\u2019obligation l\u00e9gale ou sur demande des autorit\u00e9s comp\u00e9tentes.<\/li><\/ul><hr class=\"wp-block-separator has-alpha-channel-opacity\"\/><h3 class=\"wp-block-heading has-accent-color has-text-color has-link-color wp-elements-8909096b9435d35caaea1b1c565bf60a\"><strong>6. Cookies<\/strong><\/h3><p>Des cookies peuvent \u00eatre utilis\u00e9s pour :<\/p><ul class=\"wp-block-list\"><li>Mesurer l\u2019audience et am\u00e9liorer la performance du site.<\/li>\n\n<li>Personnaliser votre exp\u00e9rience utilisateur.<\/li><\/ul><p>Vous pouvez g\u00e9rer vos pr\u00e9f\u00e9rences via les param\u00e8tres de votre navigateur. <\/p><hr class=\"wp-block-separator has-alpha-channel-opacity\"\/><h3 class=\"wp-block-heading has-accent-color has-text-color has-link-color wp-elements-8634af2e8ca1851655d09d941b160eb8\"><strong>7. Dur\u00e9e de Conservation<\/strong><\/h3><p>Vos donn\u00e9es personnelles sont conserv\u00e9es uniquement pendant la dur\u00e9e n\u00e9cessaire aux finalit\u00e9s suivantes :<\/p><ul class=\"wp-block-list\"><li>Donn\u00e9es de contact : <strong>3 ans<\/strong> apr\u00e8s le dernier \u00e9change.<\/li>\n\n<li>Donn\u00e9es relatives \u00e0 une prestation : <strong>10 ans<\/strong>, conform\u00e9ment aux obligations l\u00e9gales.<\/li><\/ul><hr class=\"wp-block-separator has-alpha-channel-opacity\"\/><h3 class=\"wp-block-heading has-accent-color has-text-color has-link-color wp-elements-58de5214aa12e34bd2add98e3353bec3\"><strong>8. Vos Droits<\/strong><\/h3><p>Conform\u00e9ment au RGPD, vous disposez des droits suivants :<\/p><ul class=\"wp-block-list\"><li><strong>Droit d\u2019acc\u00e8s :<\/strong> Consulter vos donn\u00e9es.<\/li>\n\n<li><strong>Droit de rectification :<\/strong> Modifier des donn\u00e9es incorrectes.<\/li>\n\n<li><strong>Droit d\u2019effacement :<\/strong> Supprimer vos donn\u00e9es dans certains cas.<\/li>\n\n<li><strong>Droit \u00e0 la limitation :<\/strong> Limiter le traitement de vos donn\u00e9es.<\/li>\n\n<li><strong>Droit d\u2019opposition :<\/strong> Vous opposer \u00e0 certains traitements.<\/li><\/ul><p>Pour exercer ces droits, contactez-moi : <a href=\"https:\/\/www.jurizy.com\/index.php\/contact\/\" data-type=\"page\" data-id=\"74\">Contact<\/a><\/p><hr class=\"wp-block-separator has-alpha-channel-opacity\"\/><h3 class=\"wp-block-heading has-accent-color has-text-color has-link-color wp-elements-7480dd8e8c88dcb35ae433eda21f7fda\"><strong>9. S\u00e9curit\u00e9 des Donn\u00e9es<\/strong><\/h3><p>Je m\u2019engage \u00e0 prot\u00e9ger vos donn\u00e9es par des mesures techniques et organisationnelles, incluant :<\/p><ul class=\"wp-block-list\"><li>Un stockage s\u00e9curis\u00e9 des donn\u00e9es.<\/li>\n\n<li>Un acc\u00e8s restreint \u00e0 vos informations personnelles.<\/li><\/ul><hr class=\"wp-block-separator has-alpha-channel-opacity\"\/><h3 class=\"wp-block-heading has-accent-color has-text-color has-link-color wp-elements-55096043647213413adf3a94d99a1b20\"><strong>10. R\u00e9clamations<\/strong><\/h3><p>En cas de d\u00e9saccord concernant la gestion de vos donn\u00e9es personnelles, vous pouvez adresser une r\u00e9clamation \u00e0 la <strong>CNIL<\/strong> :<\/p><ul class=\"wp-block-list\"><li><strong>Site internet :<\/strong> <a href=\"https:\/\/www.cnil.fr\">www.cnil.fr<\/a><\/li>\n\n<li><strong>Adresse :<\/strong> 3 Place de Fontenoy, TSA 80715, 75334 PARIS CEDEX 07<\/li><\/ul><hr class=\"wp-block-separator has-alpha-channel-opacity\"\/><h3 class=\"wp-block-heading has-accent-color has-text-color has-link-color wp-elements-68225f75027f340caadd78bd5ea9921a\"><strong>11. Modification de la Politique<\/strong><\/h3><p>Cette politique de confidentialit\u00e9 peut \u00eatre modifi\u00e9e \u00e0 tout moment. Je vous invite \u00e0 la consulter r\u00e9guli\u00e8rement.<\/p><p><strong>Derni\u00e8re mise \u00e0 jour :<\/strong> 17\/01\/2025.<\/p>","protected":false},"excerpt":{"rendered":"<p>Introduction En tant qu&rsquo;entrepreneur, je (Laetitia M\u00e9n\u00e9gaux, exer\u00e7ant sous le nom de Jurizy, ci-apr\u00e8s \u00ab\u00a0je\u00a0\u00bb ou \u00ab\u00a0moi\u00a0\u00bb) accorde une grande importance \u00e0 la protection de vos donn\u00e9es personnelles. Cette politique de confidentialit\u00e9 a pour objectif de vous informer sur la mani\u00e8re dont vos donn\u00e9es sont collect\u00e9es, utilis\u00e9es, stock\u00e9es et prot\u00e9g\u00e9es, [&hellip;]<\/p>\n","protected":false},"author":1,"featured_media":0,"parent":0,"menu_order":0,"comment_status":"closed","ping_status":"closed","template":"","meta":{"footnotes":""},"class_list":["post-187","page","type-page","status-publish","hentry"],"_links":{"self":[{"href":"https:\/\/www.jurizy.com\/index.php\/wp-json\/wp\/v2\/pages\/187","targetHints":{"allow":["GET"]}}],"collection":[{"href":"https:\/\/www.jurizy.com\/index.php\/wp-json\/wp\/v2\/pages"}],"about":[{"href":"https:\/\/www.jurizy.com\/index.php\/wp-json\/wp\/v2\/types\/page"}],"author":[{"embeddable":true,"href":"https:\/\/www.jurizy.com\/index.php\/wp-json\/wp\/v2\/users\/1"}],"replies":[{"embeddable":true,"href":"https:\/\/www.jurizy.com\/index.php\/wp-json\/wp\/v2\/comments?post=187"}],"version-history":[{"count":1,"href":"https:\/\/www.jurizy.com\/index.php\/wp-json\/wp\/v2\/pages\/187\/revisions"}],"predecessor-version":[{"id":188,"href":"https:\/\/www.jurizy.com\/index.php\/wp-json\/wp\/v2\/pages\/187\/revisions\/188"}],"wp:attachment":[{"href":"https:\/\/www.jurizy.com\/index.php\/wp-json\/wp\/v2\/media?parent=187"}],"curies":[{"name":"wp","href":"https:\/\/api.w.org\/{rel}","templated":true}]}}