{"id":157,"date":"2024-10-04T15:34:57","date_gmt":"2024-10-04T13:34:57","guid":{"rendered":"https:\/\/www.jurizy.com\/?page_id=157"},"modified":"2024-10-04T15:57:14","modified_gmt":"2024-10-04T13:57:14","slug":"prestations-sur-devis","status":"publish","type":"page","link":"https:\/\/www.jurizy.com\/index.php\/prestations-sur-devis\/","title":{"rendered":"Prestations sur devis"},"content":{"rendered":"<p><strong>Des solutions personnalis\u00e9es pour vos besoins sp\u00e9cifiques<\/strong><\/p><p><br>Chaque entreprise est unique, tout comme ses besoins juridiques. <\/p><p>Si vos projets ne rentrent pas dans les formalit\u00e9s standard, Jurizy est \u00e0 votre disposition pour concevoir des solutions sur-mesure.<\/p><p>Nous offrons un service de conseil personnalis\u00e9 pour vous accompagner dans des d\u00e9marches particuli\u00e8res telles que des transferts d&rsquo;actions, des cr\u00e9ations de soci\u00e9t\u00e9 sur-mesure, ou toute autre situation n\u00e9cessitant une expertise particuli\u00e8re. <\/p><p>Contactez-nous pour discuter de votre projet et obtenir un devis d\u00e9taill\u00e9.<\/p><p><em>Les tarifs sont exon\u00e9r\u00e9s de TVA.<\/em><\/p><figure class=\"wp-block-table aligncenter is-style-stripes has-small-font-size\"><table class=\"has-fixed-layout\"><tbody><tr><td>Modification multiples<\/td><\/tr><tr><td>Cession de parts sociales\/Transfert d&rsquo;actions<\/td><\/tr><tr><td>Cr\u00e9ation et formalit\u00e9s sur SA<\/td><\/tr><tr><td>Immatriculation SELARL<\/td><\/tr><\/tbody><\/table><\/figure><p class=\"has-background-color-background-color has-background\"><strong>Note Importante :<\/strong><br><em>Les honoraires indiqu\u00e9s n&rsquo;incluent pas les d\u00e9bours, tels que les frais de greffe, les frais de publication d&rsquo;annonces l\u00e9gales, ou autres frais administratifs obligatoires. Ces frais seront ajout\u00e9s au co\u00fbt total des prestations et pourront \u00eatre avanc\u00e9s par nos soins, sur pr\u00e9sentation des justificatifs.<\/em><\/p><div class=\"wp-block-buttons is-content-justification-center is-layout-flex wp-container-core-buttons-is-layout-16018d1d wp-block-buttons-is-layout-flex\"><div class=\"wp-block-button\"><a class=\"wp-block-button__link has-white-color has-accent-background-color has-text-color has-background has-link-color wp-element-button\" href=\"https:\/\/www.jurizy.com\/index.php\/contact\/\">Contactez-nous<\/a><\/div><\/div><p><\/p>","protected":false},"excerpt":{"rendered":"<p>Des solutions personnalis\u00e9es pour vos besoins sp\u00e9cifiques Chaque entreprise est unique, tout comme ses besoins juridiques. Si vos projets ne rentrent pas dans les formalit\u00e9s standard, Jurizy est \u00e0 votre disposition pour concevoir des solutions sur-mesure. Nous offrons un service de conseil personnalis\u00e9 pour vous accompagner dans des d\u00e9marches particuli\u00e8res [&hellip;]<\/p>\n","protected":false},"author":1,"featured_media":0,"parent":0,"menu_order":0,"comment_status":"closed","ping_status":"closed","template":"","meta":{"footnotes":""},"class_list":["post-157","page","type-page","status-publish","hentry"],"_links":{"self":[{"href":"https:\/\/www.jurizy.com\/index.php\/wp-json\/wp\/v2\/pages\/157","targetHints":{"allow":["GET"]}}],"collection":[{"href":"https:\/\/www.jurizy.com\/index.php\/wp-json\/wp\/v2\/pages"}],"about":[{"href":"https:\/\/www.jurizy.com\/index.php\/wp-json\/wp\/v2\/types\/page"}],"author":[{"embeddable":true,"href":"https:\/\/www.jurizy.com\/index.php\/wp-json\/wp\/v2\/users\/1"}],"replies":[{"embeddable":true,"href":"https:\/\/www.jurizy.com\/index.php\/wp-json\/wp\/v2\/comments?post=157"}],"version-history":[{"count":2,"href":"https:\/\/www.jurizy.com\/index.php\/wp-json\/wp\/v2\/pages\/157\/revisions"}],"predecessor-version":[{"id":164,"href":"https:\/\/www.jurizy.com\/index.php\/wp-json\/wp\/v2\/pages\/157\/revisions\/164"}],"wp:attachment":[{"href":"https:\/\/www.jurizy.com\/index.php\/wp-json\/wp\/v2\/media?parent=157"}],"curies":[{"name":"wp","href":"https:\/\/api.w.org\/{rel}","templated":true}]}}