{"id":153,"date":"2024-10-04T15:27:00","date_gmt":"2024-10-04T13:27:00","guid":{"rendered":"https:\/\/www.jurizy.com\/?page_id=153"},"modified":"2024-10-04T15:27:01","modified_gmt":"2024-10-04T13:27:01","slug":"approbation-et-depot-des-comptes-annuels","status":"publish","type":"page","link":"https:\/\/www.jurizy.com\/index.php\/approbation-et-depot-des-comptes-annuels\/","title":{"rendered":"Approbation et d\u00e9p\u00f4t des comptes annuels"},"content":{"rendered":"<p>La cl\u00f4ture des comptes est une obligation annuelle pour toute soci\u00e9t\u00e9.<\/p><p>Jurizy s&rsquo;occupe des formalit\u00e9s de d\u00e9p\u00f4t des comptes aupr\u00e8s du greffe.<\/p><p><em>Les tarifs sont exon\u00e9r\u00e9s de TVA<\/em>.<\/p><figure class=\"wp-block-table aligncenter is-style-stripes has-small-font-size\"><table class=\"has-fixed-layout\"><tbody><tr><td>EURL\/SASU <em>(sans rapport de gestion)<\/em><\/td><td>150,- \u20ac<\/td><\/tr><tr><td>SARL\/SAS <em>(2 associ\u00e9s, sans CAC)<\/em><\/td><td>200,- \u20ac<\/td><\/tr><tr><td>SARL\/SAS <em>(2 associ\u00e9s, avec CAC)<\/em><\/td><td>300,- \u20ac<\/td><\/tr><tr><td>SARL\/SAS <em>(au-del\u00e0 de 2 associ\u00e9s, 10 \u20ac par associ\u00e9 suppl\u00e9mentaire)<\/em> <\/td><td><\/td><\/tr><tr><td><strong>Option<\/strong> <\/td><td><\/td><\/tr><tr><td>Abandon de cr\u00e9ances <\/td><td>75,- \u20ac<\/td><\/tr><tr><td>PV r\u00e9mun\u00e9ration <\/td><td>50,- \u20ac<\/td><\/tr><tr><td>Formalit\u00e9 de perte des capitaux propres<\/td><td>150,- \u20ac<\/td><\/tr><\/tbody><\/table><\/figure><p class=\"has-background-color-background-color has-background\"><strong>Note Importante :<\/strong><br><em>Les honoraires indiqu\u00e9s n&rsquo;incluent pas les d\u00e9bours, tels que les frais de greffe, les frais de publication d&rsquo;annonces l\u00e9gales, ou autres frais administratifs obligatoires. Ces frais seront ajout\u00e9s au co\u00fbt total des prestations et pourront \u00eatre avanc\u00e9s par nos soins, sur pr\u00e9sentation des justificatifs.<\/em><\/p><div class=\"wp-block-buttons is-content-justification-center is-layout-flex wp-container-core-buttons-is-layout-16018d1d wp-block-buttons-is-layout-flex\"><div class=\"wp-block-button\"><a class=\"wp-block-button__link has-white-color has-accent-background-color has-text-color has-background has-link-color wp-element-button\" href=\"https:\/\/www.jurizy.com\/index.php\/contact\/\">Contactez-nous<\/a><\/div><\/div><p><\/p>","protected":false},"excerpt":{"rendered":"<p>La cl\u00f4ture des comptes est une obligation annuelle pour toute soci\u00e9t\u00e9. Jurizy s&rsquo;occupe des formalit\u00e9s de d\u00e9p\u00f4t des comptes aupr\u00e8s du greffe. Les tarifs sont exon\u00e9r\u00e9s de TVA. EURL\/SASU (sans rapport de gestion) 150,- \u20ac SARL\/SAS (2 associ\u00e9s, sans CAC) 200,- \u20ac SARL\/SAS (2 associ\u00e9s, avec CAC) 300,- \u20ac SARL\/SAS [&hellip;]<\/p>\n","protected":false},"author":1,"featured_media":0,"parent":0,"menu_order":0,"comment_status":"closed","ping_status":"closed","template":"","meta":{"footnotes":""},"class_list":["post-153","page","type-page","status-publish","hentry"],"_links":{"self":[{"href":"https:\/\/www.jurizy.com\/index.php\/wp-json\/wp\/v2\/pages\/153","targetHints":{"allow":["GET"]}}],"collection":[{"href":"https:\/\/www.jurizy.com\/index.php\/wp-json\/wp\/v2\/pages"}],"about":[{"href":"https:\/\/www.jurizy.com\/index.php\/wp-json\/wp\/v2\/types\/page"}],"author":[{"embeddable":true,"href":"https:\/\/www.jurizy.com\/index.php\/wp-json\/wp\/v2\/users\/1"}],"replies":[{"embeddable":true,"href":"https:\/\/www.jurizy.com\/index.php\/wp-json\/wp\/v2\/comments?post=153"}],"version-history":[{"count":1,"href":"https:\/\/www.jurizy.com\/index.php\/wp-json\/wp\/v2\/pages\/153\/revisions"}],"predecessor-version":[{"id":154,"href":"https:\/\/www.jurizy.com\/index.php\/wp-json\/wp\/v2\/pages\/153\/revisions\/154"}],"wp:attachment":[{"href":"https:\/\/www.jurizy.com\/index.php\/wp-json\/wp\/v2\/media?parent=153"}],"curies":[{"name":"wp","href":"https:\/\/api.w.org\/{rel}","templated":true}]}}