{"id":151,"date":"2024-10-04T15:25:12","date_gmt":"2024-10-04T13:25:12","guid":{"rendered":"https:\/\/www.jurizy.com\/?page_id=151"},"modified":"2024-10-04T15:43:56","modified_gmt":"2024-10-04T13:43:56","slug":"radiation","status":"publish","type":"page","link":"https:\/\/www.jurizy.com\/index.php\/radiation\/","title":{"rendered":"Radiation"},"content":{"rendered":"<p><strong>Cl\u00f4turez votre activit\u00e9 en toute simplicit\u00e9<\/strong><br><\/p><p>Mettre fin \u00e0 une entreprise est une d\u00e9cision importante qui doit \u00eatre accompagn\u00e9e de d\u00e9marches administratives rigoureuses.<\/p><p>Jurizy vous aide \u00e0 simplifier ce processus de dissolution et de liquidation. Que vous optiez pour une dissolution anticip\u00e9e, une fermeture de liquidation, ou la fin d\u2019une activit\u00e9 d\u2019entreprise individuelle, nous nous occupons de l\u2019ensemble des formalit\u00e9s aupr\u00e8s du greffe du tribunal de commerce et des autres administrations concern\u00e9es. <\/p><p>Nous veillons \u00e0 ce que votre entreprise soit radi\u00e9e dans les r\u00e8gles, vous garantissant une tranquillit\u00e9 d\u2019esprit tout au long du processus.<\/p><p><em>Les tarifs sont exon\u00e9r\u00e9s de TVA<\/em>.<\/p><figure class=\"wp-block-table aligncenter is-style-stripes has-small-font-size\"><table class=\"has-fixed-layout\"><tbody><tr><td>Dissolution anticip\u00e9e<\/td><td>150,- \u20ac<\/td><\/tr><tr><td>Cl\u00f4ture de liquidation<\/td><td>150,- \u20ac<\/td><\/tr><tr><td>Fin d&rsquo;activit\u00e9 entreprise individuelle<\/td><td>100,- \u20ac<\/td><\/tr><\/tbody><\/table><\/figure><p class=\"has-background-color-background-color has-background\"><strong>Note Importante :<\/strong><br><em>Les honoraires indiqu\u00e9s n&rsquo;incluent pas les d\u00e9bours, tels que les frais de greffe, les frais de publication d&rsquo;annonces l\u00e9gales, ou autres frais administratifs obligatoires. Ces frais seront ajout\u00e9s au co\u00fbt total des prestations et pourront \u00eatre avanc\u00e9s par nos soins, sur pr\u00e9sentation des justificatifs.<\/em><\/p><div class=\"wp-block-buttons is-content-justification-center is-layout-flex wp-container-core-buttons-is-layout-16018d1d wp-block-buttons-is-layout-flex\"><div class=\"wp-block-button\"><a class=\"wp-block-button__link has-white-color has-accent-background-color has-text-color has-background has-link-color wp-element-button\" href=\"https:\/\/www.jurizy.com\/index.php\/contact\/\">Contactez-nous<\/a><\/div><\/div><p><\/p>","protected":false},"excerpt":{"rendered":"<p>Cl\u00f4turez votre activit\u00e9 en toute simplicit\u00e9 Mettre fin \u00e0 une entreprise est une d\u00e9cision importante qui doit \u00eatre accompagn\u00e9e de d\u00e9marches administratives rigoureuses. Jurizy vous aide \u00e0 simplifier ce processus de dissolution et de liquidation. Que vous optiez pour une dissolution anticip\u00e9e, une fermeture de liquidation, ou la fin d\u2019une [&hellip;]<\/p>\n","protected":false},"author":1,"featured_media":0,"parent":0,"menu_order":0,"comment_status":"closed","ping_status":"closed","template":"","meta":{"footnotes":""},"class_list":["post-151","page","type-page","status-publish","hentry"],"_links":{"self":[{"href":"https:\/\/www.jurizy.com\/index.php\/wp-json\/wp\/v2\/pages\/151","targetHints":{"allow":["GET"]}}],"collection":[{"href":"https:\/\/www.jurizy.com\/index.php\/wp-json\/wp\/v2\/pages"}],"about":[{"href":"https:\/\/www.jurizy.com\/index.php\/wp-json\/wp\/v2\/types\/page"}],"author":[{"embeddable":true,"href":"https:\/\/www.jurizy.com\/index.php\/wp-json\/wp\/v2\/users\/1"}],"replies":[{"embeddable":true,"href":"https:\/\/www.jurizy.com\/index.php\/wp-json\/wp\/v2\/comments?post=151"}],"version-history":[{"count":2,"href":"https:\/\/www.jurizy.com\/index.php\/wp-json\/wp\/v2\/pages\/151\/revisions"}],"predecessor-version":[{"id":162,"href":"https:\/\/www.jurizy.com\/index.php\/wp-json\/wp\/v2\/pages\/151\/revisions\/162"}],"wp:attachment":[{"href":"https:\/\/www.jurizy.com\/index.php\/wp-json\/wp\/v2\/media?parent=151"}],"curies":[{"name":"wp","href":"https:\/\/api.w.org\/{rel}","templated":true}]}}