{"id":146,"date":"2024-10-04T15:21:58","date_gmt":"2024-10-04T13:21:58","guid":{"rendered":"https:\/\/www.jurizy.com\/?page_id=146"},"modified":"2024-10-04T15:42:49","modified_gmt":"2024-10-04T13:42:49","slug":"modification","status":"publish","type":"page","link":"https:\/\/www.jurizy.com\/index.php\/modification\/","title":{"rendered":"Modification"},"content":{"rendered":"<p><strong>Accompagnez le d\u00e9veloppement de votre entreprise avec des modifications en toute s\u00e9r\u00e9nit\u00e9<\/strong><br>Les entreprises \u00e9voluent, et il est parfois n\u00e9cessaire d&rsquo;apporter des modifications \u00e0 leur structure juridique pour s&rsquo;adapter \u00e0 de nouvelles r\u00e9alit\u00e9s.<\/p><p>Que ce soit pour un changement de si\u00e8ge social, une modification de l\u2019objet social, une augmentation ou r\u00e9duction de capital, ou encore la nomination ou la r\u00e9vocation de dirigeants, Jurizy est \u00e0 vos c\u00f4t\u00e9s.<\/p><p>Nous g\u00e9rons toutes les formalit\u00e9s administratives n\u00e9cessaires et nous assurons que chaque changement est conforme \u00e0 la r\u00e9glementation en vigueur, afin de vous permettre d\u2019accompagner le d\u00e9veloppement de votre entreprise sereinement.<\/p><p><em>Les tarifs sont exon\u00e9r\u00e9s de TVA.<\/em><\/p><figure class=\"wp-block-table aligncenter is-style-stripes has-small-font-size\"><table class=\"has-fixed-layout\"><tbody><tr><td><strong>Transfert de si\u00e8ge, Modification activit\u00e9 ou d\u00e9nomination ou dirigeant<\/strong><\/td><td><\/td><\/tr><tr><td>\u00b0 EURL\/SASU<\/td><td>200,- \u20ac<\/td><\/tr><tr><td>\u00b0 SARL\/SAS\/SC <em>(2 associ\u00e9s\/actionnaires)<\/em><\/td><td>300,- \u20ac<\/td><\/tr><tr><td> \u00b0 SARL\/SAS\/SC <em>(au-del\u00e0 de 2 associ\u00e9s, 10 \u20ac par associ\u00e9 suppl\u00e9mentaire)<\/em><\/td><td><\/td><\/tr><tr><td><strong>Ouverture d&rsquo;\u00e9tablissement<\/strong> <em>(ind\u00e9pendamment du transfert de si\u00e8ge)<\/em><\/td><td>100,- \u20ac<\/td><\/tr><tr><td><strong>Fermeture d&rsquo;\u00e9tablissement<\/strong> <em>(ind\u00e9pendamment du transfert de si\u00e8ge)<\/em> <\/td><td> 75,- \u20ac<\/td><\/tr><tr><td><strong>Transformation, Augmentation de capital <\/strong><\/td><td><\/td><\/tr><tr><td>\u00b0 EURL\/SASU <\/td><td>250,- \u20ac<\/td><\/tr><tr><td>\u00b0 SARL\/SAS\/SC <em>(2 associ\u00e9s\/actionnaires)<\/em><\/td><td>350,- \u20ac<\/td><\/tr><tr><td> \u00b0 SARL\/SAS\/SC <em>(au-del\u00e0 de 2 associ\u00e9s, 10 \u20ac par associ\u00e9 suppl\u00e9mentaire)<\/em> <\/td><td><\/td><\/tr><tr><td><strong>Modification sur entreprise individuelle<\/strong><\/td><td>100,- \u20ac<\/td><\/tr><tr><td><strong> Mise \u00e0 jour du RBE<\/strong> <em>(ind\u00e9pendamment d&rsquo;une formalit\u00e9)<\/em><\/td><td><\/td><\/tr><tr><td> \u00b0 EURL\/SASU <\/td><td> 75,- \u20ac<\/td><\/tr><tr><td>\u00b0 SARL\/SAS\/SC <em>(2 associ\u00e9s\/actionnaires) <\/em><\/td><td> 75,- \u20ac<\/td><\/tr><tr><td>\u00b0 SARL\/SAS\/SC <em>(au-del\u00e0 de 2 associ\u00e9s, 10 \u20ac par associ\u00e9 suppl\u00e9mentaire)<\/em><\/td><td><\/td><\/tr><tr><td><strong> Option <\/strong><\/td><td><\/td><\/tr><tr><td>Mise \u00e0 jour RNE<\/td><td> 50,- \u20ac<\/td><\/tr><\/tbody><\/table><\/figure><div class=\"wp-block-buttons is-layout-flex wp-block-buttons-is-layout-flex\"><\/div><p class=\"has-background-color-background-color has-background\"><strong>Note Importante :<\/strong><br><em>Les honoraires indiqu\u00e9s n&rsquo;incluent pas les d\u00e9bours, tels que les frais de greffe, les frais de publication d&rsquo;annonces l\u00e9gales, ou autres frais administratifs obligatoires. Ces frais seront ajout\u00e9s au co\u00fbt total des prestations et pourront \u00eatre avanc\u00e9s par nos soins, sur pr\u00e9sentation des justificatifs.<\/em><\/p><div class=\"wp-block-buttons is-content-justification-center is-layout-flex wp-container-core-buttons-is-layout-16018d1d wp-block-buttons-is-layout-flex\"><div class=\"wp-block-button\"><a class=\"wp-block-button__link has-white-color has-accent-background-color has-text-color has-background has-link-color wp-element-button\" href=\"https:\/\/www.jurizy.com\/index.php\/contact\/\">Contactez-nous<\/a><\/div><\/div><p><\/p>","protected":false},"excerpt":{"rendered":"<p>Accompagnez le d\u00e9veloppement de votre entreprise avec des modifications en toute s\u00e9r\u00e9nit\u00e9Les entreprises \u00e9voluent, et il est parfois n\u00e9cessaire d&rsquo;apporter des modifications \u00e0 leur structure juridique pour s&rsquo;adapter \u00e0 de nouvelles r\u00e9alit\u00e9s. Que ce soit pour un changement de si\u00e8ge social, une modification de l\u2019objet social, une augmentation ou r\u00e9duction [&hellip;]<\/p>\n","protected":false},"author":1,"featured_media":0,"parent":0,"menu_order":0,"comment_status":"closed","ping_status":"closed","template":"","meta":{"footnotes":""},"class_list":["post-146","page","type-page","status-publish","hentry"],"_links":{"self":[{"href":"https:\/\/www.jurizy.com\/index.php\/wp-json\/wp\/v2\/pages\/146","targetHints":{"allow":["GET"]}}],"collection":[{"href":"https:\/\/www.jurizy.com\/index.php\/wp-json\/wp\/v2\/pages"}],"about":[{"href":"https:\/\/www.jurizy.com\/index.php\/wp-json\/wp\/v2\/types\/page"}],"author":[{"embeddable":true,"href":"https:\/\/www.jurizy.com\/index.php\/wp-json\/wp\/v2\/users\/1"}],"replies":[{"embeddable":true,"href":"https:\/\/www.jurizy.com\/index.php\/wp-json\/wp\/v2\/comments?post=146"}],"version-history":[{"count":2,"href":"https:\/\/www.jurizy.com\/index.php\/wp-json\/wp\/v2\/pages\/146\/revisions"}],"predecessor-version":[{"id":161,"href":"https:\/\/www.jurizy.com\/index.php\/wp-json\/wp\/v2\/pages\/146\/revisions\/161"}],"wp:attachment":[{"href":"https:\/\/www.jurizy.com\/index.php\/wp-json\/wp\/v2\/media?parent=146"}],"curies":[{"name":"wp","href":"https:\/\/api.w.org\/{rel}","templated":true}]}}