{"id":144,"date":"2024-10-04T15:17:05","date_gmt":"2024-10-04T13:17:05","guid":{"rendered":"https:\/\/www.jurizy.com\/?page_id=144"},"modified":"2024-10-04T15:41:37","modified_gmt":"2024-10-04T13:41:37","slug":"immatriculation-dentreprise","status":"publish","type":"page","link":"https:\/\/www.jurizy.com\/index.php\/immatriculation-dentreprise\/","title":{"rendered":"Immatriculation d&rsquo;entreprise"},"content":{"rendered":"<p><strong>Donnez vie \u00e0 votre projet entrepreneurial avec une immatriculation simplifi\u00e9e<\/strong><br>Cr\u00e9er une entreprise est une \u00e9tape excitante mais qui peut rapidement devenir complexe face aux d\u00e9marches administratives \u00e0 accomplir. <\/p><p>Chez Jurizy, nous vous accompagnons tout au long du processus d\u2019immatriculation, pour vous permettre de vous concentrer sur l\u2019essence m\u00eame de votre projet. <\/p><p>Nous nous occupons de toutes les formalit\u00e9s, de la r\u00e9daction des statuts \u00e0 l\u2019immatriculation au Registre du Commerce et des Soci\u00e9t\u00e9s (RCS), en passant par la publication de l\u2019annonce l\u00e9gale.<\/p><p>Peu importe le type de soci\u00e9t\u00e9 \u2014 entreprise individuelle, EURL, SASU, SELARL, SARL, SAS, SC, ou SCI \u2014 nous vous aidons \u00e0 concr\u00e9tiser votre id\u00e9e d\u2019entreprise de mani\u00e8re fluide et s\u00e9curis\u00e9e.<\/p><p><em>Les tarifs indiqu\u00e9s sont exon\u00e9r\u00e9s de TVA, conform\u00e9ment \u00e0 l&rsquo;article 293 B du CGI.<\/em><\/p><figure class=\"wp-block-table aligncenter is-style-stripes has-small-font-size\"><table class=\"has-black-color has-text-color has-link-color has-fixed-layout\"><tbody><tr><td>Entreprise individuelle<\/td><td>150,- \u20ac<\/td><\/tr><tr><td>EURL\/SASU<\/td><td>300,- \u20ac<\/td><\/tr><tr><td>SARL <em>(2 associ\u00e9s)<\/em><\/td><td>400,- \u20ac<\/td><\/tr><tr><td>SARL <em>(au-del\u00e0 de 2 associ\u00e9s, 25 \u20ac par associ\u00e9 suppl\u00e9mentaire)<\/em><\/td><td><\/td><\/tr><tr><td>SAS <em>(2 actionnaires)<\/em><\/td><td>450,- \u20ac<\/td><\/tr><tr><td>SAS <em>(au-del\u00e0 de 2 actionnaires, 25 \u20ac par actionnaire suppl\u00e9mentaire)<\/em><\/td><td><\/td><\/tr><tr><td>SC <em>(2 associ\u00e9s)<\/em><\/td><td>400,- \u20ac<\/td><\/tr><tr><td>SC (au-del\u00e0 de 2 associ\u00e9s, 25 \u20ac par associ\u00e9 suppl\u00e9mentaire)<\/td><td><\/td><\/tr><tr><td> LMNP<\/td><td>150,- \u20ac<\/td><\/tr><tr><td><strong>Option<\/strong><\/td><td><\/td><\/tr><tr><td>Pacte d&rsquo;associ\u00e9s<\/td><td>150,- \u20ac<\/td><\/tr><\/tbody><\/table><\/figure><p class=\"has-background-color-background-color has-background\"><strong>Note Importante :<\/strong><br><em>Les honoraires indiqu\u00e9s n&rsquo;incluent pas les d\u00e9bours, tels que les frais de greffe, les frais de publication d&rsquo;annonces l\u00e9gales, ou autres frais administratifs obligatoires. Ces frais seront ajout\u00e9s au co\u00fbt total des prestations et pourront \u00eatre avanc\u00e9s par nos soins, sur pr\u00e9sentation des justificatifs.<\/em><\/p><div class=\"wp-block-buttons is-content-justification-center is-layout-flex wp-container-core-buttons-is-layout-16018d1d wp-block-buttons-is-layout-flex\"><div class=\"wp-block-button\"><a class=\"wp-block-button__link has-white-color has-accent-background-color has-text-color has-background has-link-color wp-element-button\" href=\"https:\/\/www.jurizy.com\/index.php\/contact\/\">Contactez-nous<\/a><\/div><\/div><p><\/p>","protected":false},"excerpt":{"rendered":"<p>Donnez vie \u00e0 votre projet entrepreneurial avec une immatriculation simplifi\u00e9eCr\u00e9er une entreprise est une \u00e9tape excitante mais qui peut rapidement devenir complexe face aux d\u00e9marches administratives \u00e0 accomplir. Chez Jurizy, nous vous accompagnons tout au long du processus d\u2019immatriculation, pour vous permettre de vous concentrer sur l\u2019essence m\u00eame de votre [&hellip;]<\/p>\n","protected":false},"author":1,"featured_media":0,"parent":0,"menu_order":0,"comment_status":"closed","ping_status":"closed","template":"","meta":{"footnotes":""},"class_list":["post-144","page","type-page","status-publish","hentry"],"_links":{"self":[{"href":"https:\/\/www.jurizy.com\/index.php\/wp-json\/wp\/v2\/pages\/144","targetHints":{"allow":["GET"]}}],"collection":[{"href":"https:\/\/www.jurizy.com\/index.php\/wp-json\/wp\/v2\/pages"}],"about":[{"href":"https:\/\/www.jurizy.com\/index.php\/wp-json\/wp\/v2\/types\/page"}],"author":[{"embeddable":true,"href":"https:\/\/www.jurizy.com\/index.php\/wp-json\/wp\/v2\/users\/1"}],"replies":[{"embeddable":true,"href":"https:\/\/www.jurizy.com\/index.php\/wp-json\/wp\/v2\/comments?post=144"}],"version-history":[{"count":3,"href":"https:\/\/www.jurizy.com\/index.php\/wp-json\/wp\/v2\/pages\/144\/revisions"}],"predecessor-version":[{"id":160,"href":"https:\/\/www.jurizy.com\/index.php\/wp-json\/wp\/v2\/pages\/144\/revisions\/160"}],"wp:attachment":[{"href":"https:\/\/www.jurizy.com\/index.php\/wp-json\/wp\/v2\/media?parent=144"}],"curies":[{"name":"wp","href":"https:\/\/api.w.org\/{rel}","templated":true}]}}