{"id":104,"date":"2024-09-27T19:05:11","date_gmt":"2024-09-27T17:05:11","guid":{"rendered":"https:\/\/www.jurizy.com\/?page_id=104"},"modified":"2024-09-27T19:05:12","modified_gmt":"2024-09-27T17:05:12","slug":"mentions-legales","status":"publish","type":"page","link":"https:\/\/www.jurizy.com\/index.php\/mentions-legales\/","title":{"rendered":"Mentions l\u00e9gales"},"content":{"rendered":"<h3 class=\"wp-block-heading\">1. <strong>Identification de l\u2019\u00e9diteur du site<\/strong> :<\/h3><ul class=\"wp-block-list\"><li><strong>Nom de l\u2019entreprise<\/strong> : Jurizy<\/li>\n\n<li><strong>Forme juridique<\/strong> : micro-entreprise<\/li>\n\n<li><strong>Nom de la responsable<\/strong> : Laetitia M\u00e9n\u00e9gaux<\/li>\n\n<li><strong>Adresse<\/strong> : 18 C rue Docteur Fr\u00e9ry, 90400 Danjoutin<\/li>\n\n<li><strong>T\u00e9l\u00e9phone<\/strong> : 07 60 61 08 14<\/li>\n\n<li><strong>Email<\/strong> : <a>laetitia@jurizy.com<\/a><\/li>\n\n<li><strong>Num\u00e9ro SIRET<\/strong> : 981 429 186 00027<\/li>\n\n<li><strong>Responsable de la publication<\/strong> : Laetitia M\u00e9n\u00e9gaux (en tant que responsable de l\u2019entreprise).<\/li><\/ul><hr class=\"wp-block-separator has-alpha-channel-opacity\"\/><h3 class=\"wp-block-heading\">2. <strong>H\u00e9bergeur du site<\/strong> :<\/h3><ul class=\"wp-block-list\"><li><strong>Nom de l\u2019h\u00e9bergeur<\/strong> : OVHcloud<\/li>\n\n<li><strong>Adresse de l\u2019h\u00e9bergeur<\/strong> : 2 rue Kellermann, 59100 Roubaix, France<\/li>\n\n<li><strong>Datacentre <\/strong>: Gravelines 1<\/li>\n\n<li><strong>IP du serveur<\/strong> : 54.36.91.62<\/li><\/ul><hr class=\"wp-block-separator has-alpha-channel-opacity\"\/><h3 class=\"wp-block-heading\">3. <strong>Propri\u00e9t\u00e9 intellectuelle<\/strong> :<\/h3><ul class=\"wp-block-list\"><li>Le contenu du site (textes, images, logo, etc.) est la propri\u00e9t\u00e9 exclusive de Jurizy, sauf mention contraire.<\/li>\n\n<li>Toute reproduction, distribution ou modification sans autorisation pr\u00e9alable est interdite.<\/li><\/ul><hr class=\"wp-block-separator has-alpha-channel-opacity\"\/><h3 class=\"wp-block-heading\">4. <strong>Protection des donn\u00e9es personnelles<\/strong> :<\/h3><div class=\"wp-block-group\"><div class=\"wp-block-group__inner-container is-layout-constrained wp-block-group-is-layout-constrained\"><ul class=\"wp-block-list\"><li><strong>Responsable du traitement des donn\u00e9es<\/strong> : Laetitia M\u00e9n\u00e9gaux<\/li>\n\n<li><strong>Utilisation des donn\u00e9es<\/strong> : Les donn\u00e9es collect\u00e9es via le site (formulaire de contact, newsletter, etc.) sont utilis\u00e9es exclusivement pour r\u00e9pondre aux demandes ou fournir des informations li\u00e9es aux services propos\u00e9s.<\/li>\n\n<li><strong>Droit d\u2019acc\u00e8s, de rectification et de suppression<\/strong> : Conform\u00e9ment \u00e0 la loi Informatique et Libert\u00e9s du 6 janvier 1978 et au RGPD, vous disposez d\u2019un droit d\u2019acc\u00e8s, de rectification et de suppression des donn\u00e9es personnelles vous concernant. Pour exercer ce droit, vous pouvez envoyer un email \u00e0 <strong><a>laetitia@jurizy.com<\/a><\/strong>.<\/li><\/ul>\n\n<hr class=\"wp-block-separator has-alpha-channel-opacity\"\/><\/div><\/div><h3 class=\"wp-block-heading\">5. <strong>Cookies<\/strong> :<\/h3><ul class=\"wp-block-list\"><li>Le site utilise des <strong>cookies<\/strong> pour am\u00e9liorer l\u2019exp\u00e9rience utilisateur.<\/li>\n\n<li>Vous pouvez refuser ou accepter l\u2019utilisation des cookies en modifiant les param\u00e8tres de votre navigateur.<\/li><\/ul><hr class=\"wp-block-separator has-alpha-channel-opacity\"\/><h3 class=\"wp-block-heading\">6. <strong>Limitation de responsabilit\u00e9<\/strong> :<\/h3><ul class=\"wp-block-list\"><li>Les informations pr\u00e9sentes sur le site <strong>Jurizy<\/strong> sont fournies \u00e0 titre informatif. Malgr\u00e9 les efforts pour garantir l\u2019exactitude des informations, l\u2019entreprise ne saurait \u00eatre tenue responsable des erreurs ou omissions, ni des dommages r\u00e9sultant de l\u2019utilisation des informations disponibles sur le site.<\/li><\/ul><hr class=\"wp-block-separator has-alpha-channel-opacity\"\/><h3 class=\"wp-block-heading\">7. <strong>Droit applicable<\/strong> :<\/h3><ul class=\"wp-block-list\"><li>Les pr\u00e9sentes mentions l\u00e9gales sont r\u00e9gies par le droit fran\u00e7ais. En cas de litige, la juridiction comp\u00e9tente est celle du lieu du si\u00e8ge de Jurizy.<\/li><\/ul><hr class=\"wp-block-separator has-alpha-channel-opacity\"\/><hr class=\"wp-block-separator has-alpha-channel-opacity\"\/><p><\/p>","protected":false},"excerpt":{"rendered":"<p>1. Identification de l\u2019\u00e9diteur du site : 2. H\u00e9bergeur du site : 3. Propri\u00e9t\u00e9 intellectuelle : 4. Protection des donn\u00e9es personnelles : 5. Cookies : 6. Limitation de responsabilit\u00e9 : 7. Droit applicable :<\/p>\n","protected":false},"author":1,"featured_media":0,"parent":0,"menu_order":0,"comment_status":"closed","ping_status":"closed","template":"","meta":{"footnotes":""},"class_list":["post-104","page","type-page","status-publish","hentry"],"_links":{"self":[{"href":"https:\/\/www.jurizy.com\/index.php\/wp-json\/wp\/v2\/pages\/104","targetHints":{"allow":["GET"]}}],"collection":[{"href":"https:\/\/www.jurizy.com\/index.php\/wp-json\/wp\/v2\/pages"}],"about":[{"href":"https:\/\/www.jurizy.com\/index.php\/wp-json\/wp\/v2\/types\/page"}],"author":[{"embeddable":true,"href":"https:\/\/www.jurizy.com\/index.php\/wp-json\/wp\/v2\/users\/1"}],"replies":[{"embeddable":true,"href":"https:\/\/www.jurizy.com\/index.php\/wp-json\/wp\/v2\/comments?post=104"}],"version-history":[{"count":2,"href":"https:\/\/www.jurizy.com\/index.php\/wp-json\/wp\/v2\/pages\/104\/revisions"}],"predecessor-version":[{"id":106,"href":"https:\/\/www.jurizy.com\/index.php\/wp-json\/wp\/v2\/pages\/104\/revisions\/106"}],"wp:attachment":[{"href":"https:\/\/www.jurizy.com\/index.php\/wp-json\/wp\/v2\/media?parent=104"}],"curies":[{"name":"wp","href":"https:\/\/api.w.org\/{rel}","templated":true}]}}